{"id":81,"date":"2013-07-10T21:08:07","date_gmt":"2013-07-10T21:08:07","guid":{"rendered":"http:\/\/eec.cat\/blog\/?page_id=81"},"modified":"2026-03-07T17:00:12","modified_gmt":"2026-03-07T16:00:12","slug":"consell-pastoral","status":"publish","type":"page","link":"https:\/\/eec.cat\/blog\/consell-pastoral\/","title":{"rendered":"Consell Pastoral"},"content":{"rendered":"<p><img loading=\"lazy\" decoding=\"async\" class=\"alignleft size-full wp-image-769\" src=\"http:\/\/eec.cat\/blog\/wp-content\/uploads\/2014\/08\/eec_logo_twitter_reasonably_small.png\" alt=\"eec_logo_twitter_reasonably_small\" width=\"128\" height=\"128\" \/>Tots els pastors i responsables que assumeixin la pastoraci\u00f3 de les esgl\u00e9sies de l&#8217;E.E.C. constitueixen el Consell Pastoral.<\/p>\n<p>El Consell Pastoral no t\u00e9 cap funci\u00f3 executiva, per\u00f2 ha de vetllar per la disciplina, la doctrina i la pastoraci\u00f3 a l&#8217;esgl\u00e9sia. Podr\u00e0 fer propostes concretes tant a la Mesa com a l&#8217;Assemblea.<\/p>\n<p>El Consell Pastoral es reuneix peri\u00f2dicament una vegada al mes.<\/p>\n<p>El Consell Pastoral informar\u00e0 a l&#8217;Assemblea anual de la seva activitat.<\/p>\n<p>El Cos Pastoral est\u00e0 composat actualment per:<\/p>\n<ul>\n<li>V\u00edctor Hern\u00e1ndez<\/li>\n<li>Marta L\u00f3pez Ballalta<\/li>\n<li>Joan Medrano<\/li>\n<li>Jonathan Navarro<\/li>\n<li>Ismael Gramaje<\/li>\n<li>Tamb\u00e9 comptem amb el gran ajut de la pastora jubilada Carmen S\u00e1nchez<\/li>\n<\/ul>\n\n\n<p><\/p>\n","protected":false},"excerpt":{"rendered":"<p>Tots els pastors i responsables que assumeixin la pastoraci\u00f3 de les esgl\u00e9sies de l&#8217;E.E.C. constitueixen el Consell Pastoral. El Consell Pastoral no t\u00e9 cap funci\u00f3 executiva, per\u00f2 ha de vetllar per la disciplina, la doctrina i la pastoraci\u00f3 a l&#8217;esgl\u00e9sia. Podr\u00e0 fer propostes concretes tant a la Mesa com a l&#8217;Assemblea. El Consell Pastoral es [&hellip;]<\/p>\n","protected":false},"author":1,"featured_media":1753,"parent":0,"menu_order":0,"comment_status":"closed","ping_status":"open","template":"","meta":{"footnotes":""},"class_list":["post-81","page","type-page","status-publish","has-post-thumbnail","hentry"],"jetpack_sharing_enabled":true,"_links":{"self":[{"href":"https:\/\/eec.cat\/blog\/wp-json\/wp\/v2\/pages\/81","targetHints":{"allow":["GET"]}}],"collection":[{"href":"https:\/\/eec.cat\/blog\/wp-json\/wp\/v2\/pages"}],"about":[{"href":"https:\/\/eec.cat\/blog\/wp-json\/wp\/v2\/types\/page"}],"author":[{"embeddable":true,"href":"https:\/\/eec.cat\/blog\/wp-json\/wp\/v2\/users\/1"}],"replies":[{"embeddable":true,"href":"https:\/\/eec.cat\/blog\/wp-json\/wp\/v2\/comments?post=81"}],"version-history":[{"count":3,"href":"https:\/\/eec.cat\/blog\/wp-json\/wp\/v2\/pages\/81\/revisions"}],"predecessor-version":[{"id":2531,"href":"https:\/\/eec.cat\/blog\/wp-json\/wp\/v2\/pages\/81\/revisions\/2531"}],"wp:featuredmedia":[{"embeddable":true,"href":"https:\/\/eec.cat\/blog\/wp-json\/wp\/v2\/media\/1753"}],"wp:attachment":[{"href":"https:\/\/eec.cat\/blog\/wp-json\/wp\/v2\/media?parent=81"}],"curies":[{"name":"wp","href":"https:\/\/api.w.org\/{rel}","templated":true}]}}