{"id":78,"date":"2013-07-10T21:04:54","date_gmt":"2013-07-10T21:04:54","guid":{"rendered":"http:\/\/eec.cat\/blog\/?page_id=78"},"modified":"2026-03-07T17:00:15","modified_gmt":"2026-03-07T16:00:15","slug":"organitzacio","status":"publish","type":"page","link":"https:\/\/eec.cat\/blog\/organitzacio\/","title":{"rendered":"Organitzaci\u00f3"},"content":{"rendered":"<p><strong>Actualment ostenten els c\u00e0rrecs de l\u2019EEC:<\/strong><\/p>\n<ul>\n<li>President: Pr. Jonathan Navarro<\/li>\n<li>Vicepresindenta: D\u00e9bora Navarro<\/li>\n<li>Secretaria Primera: Anna L\u00f3pez<\/li>\n<li>Tresorer: David Casals<\/li>\n<li>Secret\u00e0ria d&#8217;Actes: Ismael Gramaje<\/li>\n<\/ul>\n<p><strong>Departaments:<\/strong><\/p>\n<ul>\n<li>Moderador del Consell Pastoral: Pr. Joan Medrano<\/li>\n<li>Ecumenisme: Pra. Marta L\u00f3pez<\/li>\n<li>Joves: Anna L\u00f3pez<\/li>\n<li>Ministeri a les presons: Maria Llad\u00f3<\/li>\n<li>Immobles: David Casals<\/li>\n<\/ul>\n\n\n<p><\/p>\n","protected":false},"excerpt":{"rendered":"<p>Actualment ostenten els c\u00e0rrecs de l\u2019EEC: President: Pr. Jonathan Navarro Vicepresindenta: D\u00e9bora Navarro Secretaria Primera: Anna L\u00f3pez Tresorer: David Casals Secret\u00e0ria d&#8217;Actes: Ismael Gramaje Departaments: Moderador del Consell Pastoral: Pr. Joan Medrano Ecumenisme: Pra. Marta L\u00f3pez Joves: Anna L\u00f3pez Ministeri a les presons: Maria Llad\u00f3 Immobles: David Casals<\/p>\n","protected":false},"author":1,"featured_media":0,"parent":0,"menu_order":0,"comment_status":"closed","ping_status":"open","template":"","meta":{"footnotes":""},"class_list":["post-78","page","type-page","status-publish","hentry"],"jetpack_sharing_enabled":true,"_links":{"self":[{"href":"https:\/\/eec.cat\/blog\/wp-json\/wp\/v2\/pages\/78","targetHints":{"allow":["GET"]}}],"collection":[{"href":"https:\/\/eec.cat\/blog\/wp-json\/wp\/v2\/pages"}],"about":[{"href":"https:\/\/eec.cat\/blog\/wp-json\/wp\/v2\/types\/page"}],"author":[{"embeddable":true,"href":"https:\/\/eec.cat\/blog\/wp-json\/wp\/v2\/users\/1"}],"replies":[{"embeddable":true,"href":"https:\/\/eec.cat\/blog\/wp-json\/wp\/v2\/comments?post=78"}],"version-history":[{"count":4,"href":"https:\/\/eec.cat\/blog\/wp-json\/wp\/v2\/pages\/78\/revisions"}],"predecessor-version":[{"id":2546,"href":"https:\/\/eec.cat\/blog\/wp-json\/wp\/v2\/pages\/78\/revisions\/2546"}],"wp:attachment":[{"href":"https:\/\/eec.cat\/blog\/wp-json\/wp\/v2\/media?parent=78"}],"curies":[{"name":"wp","href":"https:\/\/api.w.org\/{rel}","templated":true}]}}