{"id":62,"date":"2013-07-10T20:43:46","date_gmt":"2013-07-10T20:43:46","guid":{"rendered":"http:\/\/eec.cat\/blog\/?page_id=62"},"modified":"2026-03-07T17:00:14","modified_gmt":"2026-03-07T16:00:14","slug":"la-nostra-historia","status":"publish","type":"page","link":"https:\/\/eec.cat\/blog\/la-nostra-historia\/","title":{"rendered":"La nostra hist\u00f2ria"},"content":{"rendered":"<p>L\u2019Esgl\u00e9sia Evang\u00e8lica de Catalunya \u00e9s una de les comunitats protestants m\u00e9s antigues de Catalunya (1868), malgrat que la configuraci\u00f3 i el nom actual s\u00f3n moderns. Es va formar a partir de dos corrents de tradici\u00f3 religiosa:<\/p>\n<p>1) les primeres comunitats presbiterianes de Catalunya (integrades a nivell estatal en l\u2019Esgl\u00e9sia Evang\u00e8lica Espanyola -IEE) entre les qual hi havia l\u2019esgl\u00e9sia de Sant Pau del c\/. Arag\u00f3, 51, (la m\u00e9s antiga de Barcelona) i l\u2019esgl\u00e9sia de Sants, i a la prov\u00edncia de Tarragona: Reus, Miravet, Ginestar, Mora la Nova i posteriorment El Vendrell.<\/p>\n<p>2) las comunitats de l\u2019Esgl\u00e9sia Metodista Espanyola (fundades a partir de setembre de 1871): les esgl\u00e9sies de Barcelona-Centre (Tallers), Poble Nou, Clot. Fora de la ciutat de Barcelona, hi havia comunitats metodistes a Rub\u00ed, l\u2019Hospitalet de Llobregat, La Llagosta i Santa Coloma de Gramenet.<\/p>\n<p>Des del principi hi havia una bona relaci\u00f3, comuni\u00f3 i cooperaci\u00f3 entre totes aquestes comunitats, malgrat que pertanyien a organitzacions religioses diferents. Des de l\u00b4any 1906, l\u00b4Esgl\u00e9sia Metodista va a ser convidada a formar part de l\u00b4IEE. L\u00b4any 1930, aquesta esgl\u00e9sia estava representada legalment en la XV Assemblea de l\u00b4IEE, per\u00f2 la guerra civil va a truncar, en certa manera, la vida i els projectes de totes les comunitats protestants d\u00b4Espanya.<\/p>\n<p>Es va haver d\u2019esperar fins a l\u2019any 1953 per a que les esgl\u00e9sies metodistes s\u2019integressin en l\u2019Esgl\u00e9sia Evang\u00e8lica Espanyola, per tal de formar unaesgl\u00e9sia unida. A nivell de poble de D\u00e9u, les nostres comunitats no van experimentar cap mena de canvis ni en l\u2019organitzaci\u00f3, ni en la pr\u00e0ctica del culte.<\/p>\n<p>No obstant aquesta integraci\u00f3, continuava existint una doble organitzaci\u00f3 de les diferents comunitats, per la qual cosa es va endegar un proc\u00e9s de reflexi\u00f3, al qual s\u2019hi va afegir la necessitat de tenir una Esgl\u00e9sia a Catalunya que sintonitz\u00e9s amb els desigs d\u2019autonomia i autogovern en el m\u00f3n secular. D\u2019aquesta reflexi\u00f3 va sorgir la decisi\u00f3 de crear una Esgl\u00e9sia Evang\u00e8lica de Catalunya que, per una banda, respongu\u00e9s a l\u2019organitzaci\u00f3 territorial de l\u2019IEE, i per altra resolgu\u00e9s els nostres problemes interiors de relacions. Aix\u00ed, es va crear l\u2019ESGL\u00c9SIA EVANG\u00c8LICA DE CATALUNYA.<\/p>\n<p>El 27 d\u2019abril de 1987 es va celebrar una Assemblea constituent i es va aprovar el seu Reglament que, amb petites esmenes posteriors, encara \u00e9s vigent.<\/p>\n<p>L\u2019Esgl\u00e9sia Evang\u00e8lica de Catalunya forma part, com a Presbiteri de la Iglesia Evang\u00e9lica Espa\u00f1ola, de les organitzacions Internacionals seg\u00fcents: Alianza Reformada Mundial, Consejo Mundial Metodista i Consejo Mundial de Iglesias i, a nivell de l\u2019Estat espanyol de la Federaci\u00f3n de Entidades Religiosas de Espa\u00f1a (FEREDE)<\/p>\n<p>Les nostres comunitats estan integrades dins del Consell Evang\u00e8lic de Catalunya, organitzaci\u00f3 que agrupa a la majoria d\u2019esgl\u00e9sies evang\u00e8liques del nostre pa\u00eds.<\/p>\n","protected":false},"excerpt":{"rendered":"<p>L\u2019Esgl\u00e9sia Evang\u00e8lica de Catalunya \u00e9s una de les comunitats protestants m\u00e9s antigues de Catalunya (1868), malgrat que la configuraci\u00f3 i el nom actual s\u00f3n moderns. Es va formar a partir de dos corrents de tradici\u00f3 religiosa: 1) les primeres comunitats presbiterianes de Catalunya (integrades a nivell estatal en l\u2019Esgl\u00e9sia Evang\u00e8lica Espanyola -IEE) entre les qual [&hellip;]<\/p>\n","protected":false},"author":1,"featured_media":0,"parent":0,"menu_order":0,"comment_status":"closed","ping_status":"open","template":"","meta":{"footnotes":""},"class_list":["post-62","page","type-page","status-publish","hentry"],"jetpack_sharing_enabled":true,"_links":{"self":[{"href":"https:\/\/eec.cat\/blog\/wp-json\/wp\/v2\/pages\/62","targetHints":{"allow":["GET"]}}],"collection":[{"href":"https:\/\/eec.cat\/blog\/wp-json\/wp\/v2\/pages"}],"about":[{"href":"https:\/\/eec.cat\/blog\/wp-json\/wp\/v2\/types\/page"}],"author":[{"embeddable":true,"href":"https:\/\/eec.cat\/blog\/wp-json\/wp\/v2\/users\/1"}],"replies":[{"embeddable":true,"href":"https:\/\/eec.cat\/blog\/wp-json\/wp\/v2\/comments?post=62"}],"version-history":[{"count":1,"href":"https:\/\/eec.cat\/blog\/wp-json\/wp\/v2\/pages\/62\/revisions"}],"predecessor-version":[{"id":2569,"href":"https:\/\/eec.cat\/blog\/wp-json\/wp\/v2\/pages\/62\/revisions\/2569"}],"wp:attachment":[{"href":"https:\/\/eec.cat\/blog\/wp-json\/wp\/v2\/media?parent=62"}],"curies":[{"name":"wp","href":"https:\/\/api.w.org\/{rel}","templated":true}]}}