{"id":2786,"date":"2026-05-16T12:49:36","date_gmt":"2026-05-16T11:49:36","guid":{"rendered":"https:\/\/eec.cat\/blog\/?page_id=2786"},"modified":"2026-05-16T12:49:37","modified_gmt":"2026-05-16T11:49:37","slug":"benvingut-da-a-casa-encara-que-no-en-tinguis-ni-idea-de-qui-som","status":"publish","type":"page","link":"https:\/\/eec.cat\/blog\/benvingut-da-a-casa-encara-que-no-en-tinguis-ni-idea-de-qui-som\/","title":{"rendered":"Benvingut\/da a casa! (Encara que no en tinguis ni idea de qui som)"},"content":{"rendered":"\n<p>Si has arribat fins aqu\u00ed, \u00e9s molt possible que tinguis curiositat, que busquis un espai espiritual o que, senzillament, el nom de <strong>&#8220;Esgl\u00e9sia Evang\u00e8lica de Catalunya i Balears&#8221;<\/strong> no et digui res. No pateixis, est\u00e0s al lloc indicat.<\/p>\n\n\n\n<p>Aqu\u00ed no cal que vinguis apr\u00e8s\/esa. T&#8217;expliquem qui som de la manera m\u00e9s senzilla possible, sense tecnicismes.<\/p>\n\n\n\n<p><\/p>\n\n\n\n<h2 class=\"wp-block-heading\"><strong>1. Comencem pel principi: Qu\u00e8 \u00e9s una &#8220;Esgl\u00e9sia Protestant&#8221; o &#8220;Evang\u00e8lica&#8221;?<\/strong><\/h2>\n\n\n\n<p>Segur que coneixes l&#8217;Esgl\u00e9sia Cat\u00f2lica (la de tota la vida aqu\u00ed, amb el Papa de Roma). Doncs b\u00e9, els protestants (o evang\u00e8lics) som l&#8217;altra gran branca de la fam\u00edlia cristiana a Europa.<\/p>\n\n\n\n<p>Fa uns 500 anys, un grup de persones va dir: <em>&#8220;Escolta, ens hem desviat de l&#8217;ess\u00e8ncia. Tornem al que \u00e9s important&#8221;<\/em>. I qu\u00e8 \u00e9s l&#8217;important per a nosaltres avui?<\/p>\n\n\n\n<ul class=\"wp-block-list\">\n<li><strong>Menys normes, m\u00e9s llibertat:<\/strong> No tenim Papa, ni sants, ni \u201cmarededeus\u201d. Creiem que cada persona t\u00e9 &#8220;l\u00ednia directa&#8221; amb D\u00e9u per parlar-hi, sense intermediaris.<br><\/li>\n\n\n\n<li><strong>El manual d&#8217;instruccions \u00e9s la B\u00edblia:<\/strong> Ens encanta llegir-la i pensar-la pel nostre compte. No ens diuen <em>qu\u00e8<\/em> hem de creure, sin\u00f3 que ens ajudem a entendre-la amb llibertat de consci\u00e8ncia.<br><\/li>\n\n\n\n<li><strong>L&#8217;amor \u00e9s de franc:<\/strong> Creiem que D\u00e9u t&#8217;estima tal com ets. No t&#8217;has de &#8220;guanyar&#8221; el cel fent m\u00e8rits ni sent perfecte. Aix\u00f2 en diem <em>Gr\u00e0cia<\/em>.<\/li>\n<\/ul>\n\n\n\n<h2 class=\"wp-block-heading\"><strong>2. D&#8217;acord, per\u00f2&#8230; qu\u00e8 significa que som &#8220;Metodistes&#8221;?<\/strong><\/h2>\n\n\n\n<p>Dins dels protestants hi ha diferents estils o &#8220;sensibilitats&#8221;. El corrent <strong>metodista<\/strong> (que t\u00e9 molt de pes en el nostre tarann\u00e0) va n\u00e9ixer a Anglaterra al segle XVIII gr\u00e0cies a un home anomenat John Wesley.<\/p>\n\n\n\n<ul class=\"wp-block-list\">\n<li><strong>La fe es demostra funcionant:<\/strong> Pels metodistes, la religi\u00f3 no \u00e9s per tancar-se a dins d&#8217;un temple a resar tot el dia. La fe s&#8217;ha de notar al carrer.<br><\/li>\n\n\n\n<li><strong>M\u00e8tode i acci\u00f3 social:<\/strong> El nom ve precisament d&#8217;aix\u00f2: tenien un &#8220;m\u00e8tode&#8221; molt organitzat per ajudar els pobres, visitar els presos i lluitar per la just\u00edcia social.<br><\/li>\n\n\n\n<li><strong>En resum:<\/strong> Si et mou el comprom\u00eds amb els altres, ajudar el ve\u00ed i viure una espiritualitat pr\u00e0ctica i de bra\u00e7os plegats&#8230; tens cor metodista.<\/li>\n<\/ul>\n\n\n\n<h2 class=\"wp-block-heading\"><strong>3. I llavors, qu\u00e8 vol dir que som &#8220;Presbiterians&#8221;?<\/strong><\/h2>\n\n\n\n<p>Aquest \u00e9s l&#8217;altre corrent hist\u00f2ric que es va ajuntar amb el metodista per formar la nostra esgl\u00e9sia. Ve de la tradici\u00f3 de pa\u00efsos com Esc\u00f2cia o Su\u00efssa.<\/p>\n\n\n\n<ul class=\"wp-block-list\">\n<li><strong>Democr\u00e0cia pura:<\/strong> La paraula &#8220;presbiteri\u00e0&#8221; sona complicada, de fet ve del grec, per\u00f2 a la pr\u00e0ctica significa una cosa molt xula: <strong>aqu\u00ed decidim entre tots<\/strong>.<br><\/li>\n\n\n\n<li><strong>Sense caps absoluts:<\/strong> No hi ha un &#8220;capell\u00e0&#8221; o &#8220;pastor&#8221; que mani i faci el que vulgui. Les comunitats es governen de manera democr\u00e0tica a trav\u00e9s d&#8217;un consell de persones escollides per la mateixa gent de l&#8217;esgl\u00e9sia.<br><\/li>\n\n\n\n<li><strong>En resum:<\/strong> \u00c9s una manera d&#8217;organitzar-se on la teva veu i el teu vot compten exactament igual que els de qualsevol altre.<br><\/li>\n<\/ul>\n\n\n\n<h2 class=\"wp-block-heading\"><strong>Llavors&#8230; qu\u00e8 trobar\u00e0s si vens a veure&#8217;ns?<\/strong><\/h2>\n\n\n\n<p>Trobar\u00e0s una comunitat de persones normals i corrents a Catalunya i les Illes Balears que s&#8217;ajunten per viure la fe de manera comunit\u00e0ria.<\/p>\n\n\n\n<ul class=\"wp-block-list\">\n<li><strong>Com s\u00f3n les nostres trobades (cultes)?<\/strong> No hi ha ritus estranys. Cantem (ens encanta la m\u00fasica), preguem, s&#8217;explica un text de la B\u00edblia aplicat a la vida di\u00e0ria i, sobretot, fem un caf\u00e8 i xerrem.<br><\/li>\n\n\n\n<li><strong>Tinc lloc si dubto?<\/strong> I tant. Els dubtes s\u00f3n benvinguts. No busquem persones perfectes, busquem companys i companyes de cam\u00ed.<\/li>\n<\/ul>\n\n\n\n<p><strong>Vine tal com ets.<\/strong> No demanem carnet de res, ni roba elegant, ni que s\u00e0pigues resar. T&#8217;hi esperem!<\/p>\n\n\n\n<h2 class=\"wp-block-heading\"><strong>Una petita pausa: Al segle XXI, \u00e9s el mateix ser &#8220;protestant&#8221; que &#8220;evang\u00e8lic&#8221;?<\/strong><\/h2>\n\n\n\n<p>Aqu\u00ed t&#8217;hem de confessar una cosa. Oficialment ens diem <em>Esgl\u00e9sia Evang\u00e8lica<\/em>, per\u00f2 de portes enfora <strong>preferim presentar-nos com a protestants<\/strong>. Per qu\u00e8?<\/p>\n\n\n\n<p>Perqu\u00e8 avui dia, quan la gent sent la paraula &#8220;evang\u00e8lic&#8221;, sovint pensa en el que veu a les pel\u00b7l\u00edcules americanes o als telenot\u00edcies: grups molt conservadors, ultra-religiosos o barrejats amb la pol\u00edtica.<\/p>\n\n\n\n<p><strong>Els protestants hist\u00f2rics (com nosaltres)<\/strong> estimem les preguntes, respectem la ci\u00e8ncia, defensem els drets humans i creiem en una esgl\u00e9sia on tothom \u2014penses com pensis i estimis qui estimis\u2014 t\u00e9 un lloc a la taula. Som una esgl\u00e9sia inclusiva i ecum\u00e8nica.<\/p>\n\n\n\n<p>Per tant, si busques una fe que utilitzi el cap i el cor, que respecti la teva llibertat i que no et jutgi&#8230; s\u00ed, som l&#8217;esgl\u00e9sia protestant que estaves buscant.<\/p>\n","protected":false},"excerpt":{"rendered":"<p>Si has arribat fins aqu\u00ed, \u00e9s molt possible que tinguis curiositat, que busquis un espai espiritual o que, senzillament, el nom de &#8220;Esgl\u00e9sia Evang\u00e8lica de Catalunya i Balears&#8221; no et digui res. No pateixis, est\u00e0s al lloc indicat. Aqu\u00ed no cal que vinguis apr\u00e8s\/esa. T&#8217;expliquem qui som de la manera m\u00e9s senzilla possible, sense tecnicismes. [&hellip;]<\/p>\n","protected":false},"author":1,"featured_media":0,"parent":0,"menu_order":0,"comment_status":"closed","ping_status":"closed","template":"","meta":{"footnotes":""},"class_list":["post-2786","page","type-page","status-publish","hentry"],"jetpack_sharing_enabled":true,"_links":{"self":[{"href":"https:\/\/eec.cat\/blog\/wp-json\/wp\/v2\/pages\/2786","targetHints":{"allow":["GET"]}}],"collection":[{"href":"https:\/\/eec.cat\/blog\/wp-json\/wp\/v2\/pages"}],"about":[{"href":"https:\/\/eec.cat\/blog\/wp-json\/wp\/v2\/types\/page"}],"author":[{"embeddable":true,"href":"https:\/\/eec.cat\/blog\/wp-json\/wp\/v2\/users\/1"}],"replies":[{"embeddable":true,"href":"https:\/\/eec.cat\/blog\/wp-json\/wp\/v2\/comments?post=2786"}],"version-history":[{"count":1,"href":"https:\/\/eec.cat\/blog\/wp-json\/wp\/v2\/pages\/2786\/revisions"}],"predecessor-version":[{"id":2787,"href":"https:\/\/eec.cat\/blog\/wp-json\/wp\/v2\/pages\/2786\/revisions\/2787"}],"wp:attachment":[{"href":"https:\/\/eec.cat\/blog\/wp-json\/wp\/v2\/media?parent=2786"}],"curies":[{"name":"wp","href":"https:\/\/api.w.org\/{rel}","templated":true}]}}