{"id":141,"date":"2013-07-11T10:02:17","date_gmt":"2013-07-11T10:02:17","guid":{"rendered":"http:\/\/eec.cat\/blog\/?page_id=141"},"modified":"2026-03-07T17:00:17","modified_gmt":"2026-03-07T16:00:17","slug":"departament-de-musica","status":"publish","type":"page","link":"https:\/\/eec.cat\/blog\/que-fa-leec\/departament-de-musica\/","title":{"rendered":"DEPARTAMENT DE M\u00daSICA"},"content":{"rendered":"<p><strong>Responsable:\u00a0<\/strong><\/p>\n<p align=\"justify\">A les esgl\u00e9sies protestants sempre s\u2019ha donat una gran import\u00e0ncia a la m\u00fasica. Nom\u00e9s cal recordar que a Luter li agradava molt cantar i tamb\u00e9 la m\u00fasica religiosa meravellosa que ens ha deixat un gran compositor protestant alemany, en Johann Sebastian Bach. D\u2019altra banda, grans homes de D\u00e9u, que van ser instruments per a renovar l\u2019esgl\u00e9sia en el seu moment, com en John i Charles Wesley, van utilitzar la m\u00fasica de manera molt important per arribar a la gent del carrer, mitjan\u00e7ant la utilitzaci\u00f3 de can\u00e7ons de taberna, a les quals canviaven la lletra.<\/p>\n<p align=\"justify\">Coneixedors d\u2019aquesta hist\u00f2ria i conven\u00e7uts de la import\u00e0ncia de la M\u00fasica a les nostres comunitats, la Mesa de l\u2019EEC va decidir crear un Departament dedicat a aquest art. Aquest Departament recollir\u00e0, en tres grans \u00e0rees, el treball que ja s\u2019havia comen\u00e7at anteriorment: La Coral Unida, el Taller de m\u00fasica i la part de cant solista i conjunts musicals.<\/p>\n<p align=\"justify\">1) La Coral Unida: Ja funciona des de fa molts anys. Est\u00e0 formada per persones que integren les corals de les diferents comunitats que en tenen. Actuen en Cultes units i altres actes (S\u00ednode, Instal.lacions de pastors, etc.). El nostre desig \u00e9s que es vagi consolidant i pugui participar en m\u00e9s ocasiones en els actes de l\u2019esgl\u00e9sia.<\/p>\n<p align=\"justify\">2) Taller de M\u00fasica. Es tracta d\u2019una activitat que va comen\u00e7ar al mes d\u2019octubre de l\u2019any passat. El seu objectiu \u00e9s que una o diverses persones de cada una de les nostres comunitats assisteixin, una vegada al mes, a un Taller en el qual aprenen nous c\u00e0ntics (tant en catal\u00e0 com en castell\u00e0), per tal de poder-los ensenyar posteriorment a la seva esgl\u00e9sia. A llarg termini (5 anys, m\u00e9s o menys), la finalitat \u00e9s confeccionar un nou himnari per \u00fas com\u00fa, amb uns 300 himnes i can\u00e7ons.<\/p>\n<p align=\"justify\">3) \u00c0rea de grups i cant solista. En les nostres comunitats hi ha diversos grups i persones que tenen molt bona veu i que canten. D\u2019altra banda, tamb\u00e9 s\u2019han format diversos grups musicals, tant de cant com d\u2019instruments musicals. Es tracta de con\u00e8ixer-los i fomentar, amb el que es pugui, aquesta activitat. Tamb\u00e9 es recolzar\u00e0 la feina del grup d\u2019adolescents en aquesta \u00e0rea.<\/p>\n<p align=\"justify\">A m\u00e9s llarg termini, el Departament t\u00e9 la intenci\u00f3 de programar, com a m\u00ednim, un concert o dos a l\u2019any, amb la participaci\u00f3 de les tres \u00e0rees abans esmentades, concert que podria dirigir-se cap a l\u2019\u00e0rea d\u2019evangelitzaci\u00f3, edificaci\u00f3, etc.<\/p>\n","protected":false},"excerpt":{"rendered":"<p>Responsable:\u00a0 A les esgl\u00e9sies protestants sempre s\u2019ha donat una gran import\u00e0ncia a la m\u00fasica. Nom\u00e9s cal recordar que a Luter li agradava molt cantar i tamb\u00e9 la m\u00fasica religiosa meravellosa que ens ha deixat un gran compositor protestant alemany, en Johann Sebastian Bach. D\u2019altra banda, grans homes de D\u00e9u, que van ser instruments per a [&hellip;]<\/p>\n","protected":false},"author":1,"featured_media":0,"parent":91,"menu_order":0,"comment_status":"closed","ping_status":"open","template":"","meta":{"footnotes":""},"class_list":["post-141","page","type-page","status-publish","hentry"],"jetpack_sharing_enabled":true,"_links":{"self":[{"href":"https:\/\/eec.cat\/blog\/wp-json\/wp\/v2\/pages\/141","targetHints":{"allow":["GET"]}}],"collection":[{"href":"https:\/\/eec.cat\/blog\/wp-json\/wp\/v2\/pages"}],"about":[{"href":"https:\/\/eec.cat\/blog\/wp-json\/wp\/v2\/types\/page"}],"author":[{"embeddable":true,"href":"https:\/\/eec.cat\/blog\/wp-json\/wp\/v2\/users\/1"}],"replies":[{"embeddable":true,"href":"https:\/\/eec.cat\/blog\/wp-json\/wp\/v2\/comments?post=141"}],"version-history":[{"count":1,"href":"https:\/\/eec.cat\/blog\/wp-json\/wp\/v2\/pages\/141\/revisions"}],"predecessor-version":[{"id":2555,"href":"https:\/\/eec.cat\/blog\/wp-json\/wp\/v2\/pages\/141\/revisions\/2555"}],"up":[{"embeddable":true,"href":"https:\/\/eec.cat\/blog\/wp-json\/wp\/v2\/pages\/91"}],"wp:attachment":[{"href":"https:\/\/eec.cat\/blog\/wp-json\/wp\/v2\/media?parent=141"}],"curies":[{"name":"wp","href":"https:\/\/api.w.org\/{rel}","templated":true}]}}