{"id":140,"date":"2013-07-11T10:01:22","date_gmt":"2013-07-11T10:01:22","guid":{"rendered":"http:\/\/eec.cat\/blog\/?page_id=140"},"modified":"2013-07-11T10:01:22","modified_gmt":"2013-07-11T10:01:22","slug":"departament-descoles-dominicals","status":"publish","type":"page","link":"https:\/\/eec.cat\/blog\/que-fa-leec\/departament-descoles-dominicals\/","title":{"rendered":"DEPARTAMENT D\u2019ESCOLES DOMINICALS"},"content":{"rendered":"<p align=\"justify\"><strong>Responsable: Nuria Mill\u00f3n<\/strong><\/p>\n<p align=\"justify\">L\u2019Esgl\u00e9sia Evang\u00e8lica de Catalunya sempre ha donat una gran import\u00e0ncia a la tasca donar a con\u00e8ixer als nens el missatge de l\u2019Evangeli. Aquesta \u00e9s una funci\u00f3 que porten a terme cadascuna de les comunitats locals. En totes elles, sense excepci\u00f3, existeix una Escola Dominical dirigida a formar als m\u00e9s petits de les congregacions.<\/p>\n<p align=\"justify\">Ara b\u00e9, aquesta tasca s\u2019ha fet normalment, amb la col.laboraci\u00f3 aquelles persones que els agrada treballar amb els nens, per\u00f2 que moltes vegades no tenen una formaci\u00f3 espec\u00edfica, i, a m\u00e9s, cada comunitat ha de buscar els seus materials, m\u00e8todes d\u2019ensenyament, etc. \u00c9s per aquest motiu que la Mesa de l\u2019EEC ha cregut necessari crear un Departament que ofereixi ajut a les esgl\u00e9sies per realitzar aquesta tasca tan important.<\/p>\n<p align=\"justify\">En principi aquest Departament, que tot just comen\u00e7a ara a caminar,\u00a0 intentar\u00e0 treballar en dues \u00e0rees ben diferenciades: D\u2019una banda en l\u2019elaboraci\u00f3 de materials adequats a les diferents edats dels nens, i de l\u2019altra en la coordinaci\u00f3 de les diferents escoles dominicals, en el sentit de que els monitors de cadascuna d\u2019elles tinguin una o dues reunions anuals per tal de compartir experi\u00e8ncies, problemes, etc., i tamb\u00e9 incidir en la seva formaci\u00f3 mitjan\u00e7ant reunions o tallers especialitzats.<\/p>\n<p align=\"justify\">D\u2019altra banda tamb\u00e9 col.laborar\u00e0 amb les esgl\u00e9sies en les dues sortides anuals conjuntes que cada any es celebren a l\u2019EEC.<\/p>\n<p>&nbsp;<\/p>\n<div><\/div>\n","protected":false},"excerpt":{"rendered":"<p>Responsable: Nuria Mill\u00f3n L\u2019Esgl\u00e9sia Evang\u00e8lica de Catalunya sempre ha donat una gran import\u00e0ncia a la tasca donar a con\u00e8ixer als nens el missatge de l\u2019Evangeli. Aquesta \u00e9s una funci\u00f3 que porten a terme cadascuna de les comunitats locals. En totes elles, sense excepci\u00f3, existeix una Escola Dominical dirigida a formar als m\u00e9s petits de les [&hellip;]<\/p>\n","protected":false},"author":1,"featured_media":0,"parent":91,"menu_order":0,"comment_status":"open","ping_status":"open","template":"","meta":{"footnotes":""},"class_list":["post-140","page","type-page","status-publish","hentry"],"jetpack_sharing_enabled":true,"_links":{"self":[{"href":"https:\/\/eec.cat\/blog\/wp-json\/wp\/v2\/pages\/140","targetHints":{"allow":["GET"]}}],"collection":[{"href":"https:\/\/eec.cat\/blog\/wp-json\/wp\/v2\/pages"}],"about":[{"href":"https:\/\/eec.cat\/blog\/wp-json\/wp\/v2\/types\/page"}],"author":[{"embeddable":true,"href":"https:\/\/eec.cat\/blog\/wp-json\/wp\/v2\/users\/1"}],"replies":[{"embeddable":true,"href":"https:\/\/eec.cat\/blog\/wp-json\/wp\/v2\/comments?post=140"}],"version-history":[{"count":0,"href":"https:\/\/eec.cat\/blog\/wp-json\/wp\/v2\/pages\/140\/revisions"}],"up":[{"embeddable":true,"href":"https:\/\/eec.cat\/blog\/wp-json\/wp\/v2\/pages\/91"}],"wp:attachment":[{"href":"https:\/\/eec.cat\/blog\/wp-json\/wp\/v2\/media?parent=140"}],"curies":[{"name":"wp","href":"https:\/\/api.w.org\/{rel}","templated":true}]}}